{"id":1096,"date":"2013-02-11T14:30:28","date_gmt":"2013-02-11T12:30:28","guid":{"rendered":"http:\/\/www.vandralasteaed.eu\/?page_id=1096"},"modified":"2025-09-02T19:00:42","modified_gmt":"2025-09-02T17:00:42","slug":"lapsevanema-abc","status":"publish","type":"page","link":"https:\/\/vandralasteaed.pparnumaa.ee\/?page_id=1096","title":{"rendered":"Lapsevanema ABC"},"content":{"rendered":"<p><span style=\"font-family: Arial, serif;\"><span style=\"font-size: small;\"><span style=\"text-decoration: underline;\">Soovitusi s\u00f5imeealise lapse ettevalmistamiseks lasteaeda minekuks<\/span><\/span><\/span><\/p>\n<ul>\n<li><span style=\"font-family: Arial, serif;\"><span style=\"font-size: small;\">Looge lapsele positiivne hoiak lasteaia suhtes, r\u00e4\u00e4kige kui tore seal on ja mida seal tehakse.<\/span><\/span><\/li>\n<li><span style=\"font-family: Arial, serif;\"><span style=\"font-size: small;\">Varuge aega lapse harjutamiseks kollektiivi ja lasteaia p\u00e4evakavaga.<\/span><\/span><\/li>\n<li><span style=\"font-family: Arial, serif;\"><span style=\"font-size: small;\">Laske lapsel iseseisvalt tegutseda ilma t\u00e4iskasvanu pideva juhendamiseta<\/span><\/span><\/li>\n<\/ul>\n<p><span style=\"font-family: Arial, serif;\"><span style=\"font-size: small;\">(k\u00e4te pesemine, tassist joomine, s\u00f6\u00f6mine, potil k\u00e4imine, \u00fcksi voodis uinumine).<\/span><\/span><\/p>\n<ul>\n<li><span style=\"font-family: Arial, serif;\"><span style=\"font-size: small;\">K\u00fclastage perearsti, veendumaks, et laps on terve.&nbsp;<\/span><\/span><\/li>\n<\/ul>\n<p><span style=\"font-family: Arial, serif;\"><span style=\"font-size: small;\"><span style=\"text-decoration: underline;\">Soovitusi lapse kohanemisperioodiks<\/span><\/span><\/span><\/p>\n<ul>\n<li><span style=\"font-family: Arial, serif;\"><span style=\"font-size: small;\">Olge endas kindel, et lasteaed on teie lapsele sel hetkel parim paik.<\/span><\/span><\/li>\n<li><span style=\"font-family: Arial, serif;\"><span style=\"font-size: small;\">R\u00e4\u00e4kige lapsele, mis koht on lasteaed, miks lapsed seal k\u00e4ivad, miks te tahate, et tema seal k\u00e4ima hakkaks.<\/span><\/span><\/li>\n<li><span style=\"font-family: Arial, serif;\"><span style=\"font-size: small;\">R\u00e4\u00e4kige lapsele, mis teda seal ees ootab. Mida \u00fcksikasjalikumalt ja sagedamini lapsega r\u00e4\u00e4gitakse, seda kindlamalt ta ennast tunneb. Teadmatus hirmutab last.<\/span><\/span><\/li>\n<li><span style=\"font-family: Arial, serif;\"><span style=\"font-size: small;\">Selgitage, et alati ei saa k\u00f5ike, mida ta soovib, esimesel n\u00f5udmisel t\u00e4ita. R\u00fchmas on palju lapsi ja vahel tuleb oodata ja olla kannatlik.<\/span><\/span><\/li>\n<li><span style=\"font-family: Arial, serif;\"><span style=\"font-size: small;\">Kohanemisperioodil toetage last emotsionaalselt. Kuna olete n\u00fc\u00fcd lapsega m\u00e4rksa v\u00e4hem koos, siis p\u00fc\u00fcdke \u00fchistel hetkedel rohkem suhelda, kuulata, kallistada. Laske lapsel olla teie l\u00e4heduses.<\/span><\/span><\/li>\n<li><span style=\"font-family: Arial, serif;\"><span style=\"font-size: small;\">Kui lapsest lahkumine osutub raskeks, on heaks soovituseks ilmutada enesekindlust, olla optimistlik.<\/span><\/span><\/li>\n<li><span style=\"font-family: Arial, serif;\"><span style=\"font-size: small;\">Lahkudes \u00f6elge lapsele heatahtlikult, kuid kindlal toonil, et teil on n\u00fc\u00fcd aeg minna. Kallistage oma last oma tavalisel moel ja lahkuge kohe, kui olete h\u00fcvasti j\u00e4tnud.<\/span><\/span><\/li>\n<li><span style=\"font-family: Arial, serif;\"><span style=\"font-size: small;\">Ilmutage enesekindlust ka last \u00f5petajale \u00fcle andes, \u00f6elge n\u00e4iteks, et teil tuleb t\u00e4na kindlasti tore p\u00e4ev.<\/span><\/span><\/li>\n<li><span style=\"font-family: Arial, serif;\"><span style=\"font-size: small;\">\u00c4rge unustage lapsele \u00f6elda, millal te talle j\u00e4rele tulete. Olge t\u00e4pne ja pidage oma lubadusest kinni.<\/span><\/span><\/li>\n<li><span style=\"font-family: Arial, serif;\"><span style=\"font-size: small;\">Hea oleks, kui lapse p\u00e4evad lasteaias ei kujuneks liiga pikaks (8-10 tundi). Nii v\u00f5ib laps muutuda nutuseks ja n\u00e4rviliseks, kergesti haigestuda.<\/span><\/span><\/li>\n<\/ul>\n<p><span style=\"font-family: Arial, serif;\"><span style=\"font-size: small;\"><span style=\"text-decoration: underline;\">Kohanemine ja tervis<\/span><\/span><\/span><\/p>\n<ul>\n<li><span style=\"font-family: Arial, serif;\"><span style=\"font-size: small;\">Kohanemisperiood v\u00f5ib v\u00e4ikelapses tekitada stressi. Lasteaiastressi s\u00fcmptomid on pidev nutmine ja \u00f5nnetu olek, millega v\u00f5ivad kaasneda uneh\u00e4ired ja isutus.<\/span><\/span><\/li>\n<li><span style=\"font-family: Arial, serif;\"><span style=\"font-size: small;\">Kohanemise ajal on h\u00e4iritud lapse organismi \u00fcldine vastupanuv\u00f5ime, ta on n\u00f5rgem ja haiguste vastu vastuv\u00f5tlikum.<\/span><\/span><\/li>\n<li><span style=\"font-family: Arial, serif;\"><span style=\"font-size: small;\">Haige laps vajab ravi ja rahu, mida saab talle v\u00f5imaldada kodus. Haigena kollektiivis viibimine kurnab liigselt lapse organismi.<\/span><\/span><\/li>\n<li><span style=\"font-family: Arial, serif;\"><span style=\"font-size: small;\">Lasteaias k\u00e4iva lapse tervislik seisund peab v\u00f5imaldama tal koos teistega tegevustes osaleda ning ka \u00f5ues viibida.<\/span><\/span><\/li>\n<\/ul>\n<p><span style=\"font-family: Arial, serif;\"><span style=\"font-size: small;\"><span style=\"text-decoration: underline;\">Laps ja piirid<\/span><\/span><\/span><\/p>\n<ul>\n<li><span style=\"font-family: Arial, serif;\"><span style=\"font-size: small;\">Laps vajab piire selleks, et teada, mida v\u00f5ib teha ja mida mitte. Piirid ja reeglid loovad v\u00e4ikelapsele turvatunde. Lapse piirideks on vanemate selgitused, keelud ja korraldused.<\/span><\/span><\/li>\n<li><span style=\"font-family: Arial, serif;\"><span style=\"font-size: small;\">V\u00e4ikesele lapsele on vanemal v\u00e4ga raske midagi keelata. Hea on, kui tal on juba lasteaeda tulles tuttavad j\u00e4rgmised m\u00f5isted: ei tohi, tule siia, \u00e4ra tee haiget, r\u00e4\u00e4gime tasakesi.<\/span><\/span><\/li>\n<li><span style=\"font-family: Arial, serif;\"><span style=\"font-size: small;\">T\u00e4iskasvanu s\u00f5bralik konkreetsus otsustes on vajalik nii kodus kui ka mujal.<\/span><\/span><\/li>\n<\/ul>\n<p><span style=\"font-family: Arial, serif;\"><span style=\"font-size: small;\">T\u00e4htsad on kehtestatud piiridest kinnipidamine ja t\u00e4iskasvanute \u00fchesugused n\u00f5udmised.<\/span><\/span><\/p>\n<ul>\n<li><span style=\"font-family: Arial, serif;\"><span style=\"font-size: small;\">Koost\u00f6\u00f6 piiride k\u00fcsimuses kodu ja lasteaia vahel on v\u00e4ga oluline.<\/span><\/span><\/li>\n<\/ul>\n<p><span style=\"font-family: Arial, serif;\"><span style=\"font-size: small;\"><span style=\"text-decoration: underline;\">Riietus ja jalan\u00f5ud lasteaias<\/span><\/span><\/span><\/p>\n<ul>\n<li><span style=\"font-family: Arial, serif;\"><span style=\"font-size: small;\">Laps tunneb end lasteaias h\u00e4sti mugavates, hooajale vastavates riietes nii toas kui \u00f5ues m\u00e4ngides. <\/span><\/span><\/li>\n<li><span style=\"font-family: Arial, serif;\"><span style=\"font-size: small;\">PARIMAD R\u00d5IVAD ON NEED, MIDA LAPS ISE SELGA SAAB PANNA.<\/span><\/span><\/li>\n<li><span style=\"font-family: Arial, serif;\"><span style=\"font-size: small;\">Riietus toas on kerge ja v\u00f5imaldab h\u00e4sti liikuda. Varuge lapsele mugavad ja jalga fikseerivad sisejalatsid, n\u00e4iteks kr\u00f5psudega sandaalid.<\/span><\/span><\/li>\n<li><a name=\"_GoBack\"><\/a><span style=\"font-family: Arial, serif;\"><span style=\"font-size: small;\">Lapse kappi palume tuua vahetusriided. Riided v\u00f5iks olla m\u00e4rgistatud, et v\u00e4ltida lapse asjade kadumist ja segamini minekut. <\/span><\/span><\/li>\n<li><span style=\"font-family: Arial, serif;\"><span style=\"font-size: small;\">Igal lapsel on isiklik kamm ja soovitavalt \u00fchekordsed taskur\u00e4tikud.<\/span><\/span><\/li>\n<\/ul>\n<p><span style=\"font-family: Arial, serif;\"><span style=\"font-size: small;\"><span style=\"text-decoration: underline;\">Lapse soovitavad oskused 1,5-2-a laps<\/span><\/span><\/span><\/p>\n<ul>\n<li><span style=\"text-decoration: underline;\"><strong><span style=\"font-family: Arial, serif;\"><span style=\"font-size: small;\">Sotsiaalne valmisolek:<\/span><\/span><\/strong><\/span><\/li>\n<\/ul>\n<ul>\n<li><span style=\"font-family: Arial, serif;\"><span style=\"font-size: small;\">J\u00e4ljendab t\u00e4iskasvanut<\/span><\/span><\/li>\n<li><span style=\"font-family: Arial, serif;\"><span style=\"font-size: small;\">Lepib t\u00e4iskasvanu eemaldumisega<\/span><\/span><\/li>\n<li><span style=\"font-family: Arial, serif;\"><span style=\"font-size: small;\">Reageerib oma nimele<\/span><\/span><\/li>\n<li><span style=\"font-family: Arial, serif;\"><span style=\"font-size: small;\">&nbsp;<\/span><\/span><\/li>\n<li><span style=\"text-decoration: underline;\"><strong>F\u00fc\u00fcsiline valmisolek:<\/strong><\/span><\/li>\n<\/ul>\n<ul>\n<li><span style=\"font-family: Arial, serif;\"><span style=\"font-size: small;\">S\u00f6\u00f6b ise lusikaga, joob tassist<\/span><\/span><\/li>\n<li><span style=\"font-family: Arial, serif;\"><span style=\"font-size: small;\">Ei vaja ja ei kasuta lutipudelit<\/span><\/span><\/li>\n<li><span style=\"font-family: Arial, serif;\"><span style=\"font-size: small;\">V\u00f5tab sokid jalast<\/span><\/span><\/li>\n<li><span style=\"font-family: Arial, serif;\"><span style=\"font-size: small;\">K\u00f5nnib t\u00e4iskasvanu abiga trepist \u00fcles-alla<\/span><\/span><\/li>\n<li><span style=\"font-family: Arial, serif;\"><span style=\"font-size: small;\">Kummardub eset maast \u00fcles v\u00f5tma ja ei kuku<\/span><\/span><\/li>\n<li><span style=\"font-family: Arial, serif;\"><span style=\"font-size: small;\">Jalutab k\u00e4ek\u00f5rval (k\u00e4ruta)<\/span><\/span><\/li>\n<\/ul>\n<ul>\n<li><span style=\"text-decoration: underline;\"><strong><span style=\"font-family: Arial, serif;\"><span style=\"font-size: small;\">Vaimne valmisolek:<\/span><\/span><\/strong><\/span><\/li>\n<\/ul>\n<ul>\n<li><span style=\"font-family: Arial, serif;\"><span style=\"font-size: small;\">Reageerib s\u00f5nalisele korraldusele \u201eanna\u201c, \u201eviska\u201c<\/span><\/span><\/li>\n<li><span style=\"font-family: Arial, serif;\"><span style=\"font-size: small;\">Nimetamisel n\u00e4itab tuttavaid esemeid<\/span><\/span><\/li>\n<li><span style=\"font-family: Arial, serif;\"><span style=\"font-size: small;\">M\u00f5istab s\u00f5na \u201eei\u201c<\/span><\/span><\/li>\n<li><span style=\"font-family: Arial, serif;\"><span style=\"font-size: small;\">M\u00f5istab ja kasutab l\u00fchikesi \u00fctlusi.<\/span><\/span><\/li>\n<\/ul>\n<p>Lasteaia p\u00e4evakava<\/p>\n<p>7.00-8.50 laste saabumine lasteaeda<\/p>\n<p>8.30-9.00 hommikus\u00f6\u00f6k<\/p>\n<p>9.00-12.00 hommikuring, \u00f5ppetegevused, vahepala, m\u00e4ng toas ja \u00f5ues<\/p>\n<p>12.00-13.00 l\u00f5unas\u00f6\u00f6k (12.15 s\u00f5imer\u00fchmas, 12.30 aiar\u00fchmas)<\/p>\n<p>13.00-15.00 puhkeaeg<\/p>\n<p>15.45-16.15 oode<\/p>\n<p>15.00-18.00 individuaalsed tegevused, m\u00e4ng toas ja \u00f5ues, kojuminek<\/p>\n<p>&nbsp;<\/p>\n<p>&nbsp;<\/p>\n<p>&nbsp;<\/p>\n\n\n<blockquote class=\"wp-embedded-content\" data-secret=\"e1D4vtQ0Pi\"><a href=\"https:\/\/rajaleidja.ee\/nouanded-lapsevanemale\/\">N\u00f5uanded lapsevanemale<\/a><\/blockquote><iframe class=\"wp-embedded-content\" sandbox=\"allow-scripts\" security=\"restricted\" style=\"position: absolute; clip: rect(1px, 1px, 1px, 1px);\" title=\"&#8220;N\u00f5uanded lapsevanemale&#8221; &#8212; RAJALEIDJA\" src=\"https:\/\/rajaleidja.ee\/nouanded-lapsevanemale\/embed\/#?secret=PA37uCVSFB#?secret=e1D4vtQ0Pi\" data-secret=\"e1D4vtQ0Pi\" width=\"600\" height=\"338\" frameborder=\"0\" marginwidth=\"0\" marginheight=\"0\" scrolling=\"no\"><\/iframe>\n","protected":false},"excerpt":{"rendered":"<p>Soovitusi s\u00f5imeealise lapse ettevalmistamiseks lasteaeda minekuks Looge lapsele positiivne hoiak lasteaia suhtes, r\u00e4\u00e4kige kui tore seal on ja mida seal tehakse. Varuge aega lapse harjutamiseks kollektiivi ja lasteaia p\u00e4evakavaga. Laske lapsel iseseisvalt tegutseda ilma t\u00e4iskasvanu pideva juhendamiseta (k\u00e4te pesemine, tassist joomine, s\u00f6\u00f6mine, potil k\u00e4imine, \u00fcksi voodis uinumine). K\u00fclastage perearsti, veendumaks, et laps on terve.&nbsp; Soovitusi &hellip; <a href=\"https:\/\/vandralasteaed.pparnumaa.ee\/?page_id=1096\" class=\"more-link\">Loe edasi<span class=\"screen-reader-text\"> &#8220;Lapsevanema ABC&#8221;<\/span><\/a><\/p>\n","protected":false},"author":1,"featured_media":0,"parent":558,"menu_order":0,"comment_status":"closed","ping_status":"open","template":"","meta":{"ngg_post_thumbnail":0,"footnotes":""},"_links":{"self":[{"href":"https:\/\/vandralasteaed.pparnumaa.ee\/index.php?rest_route=\/wp\/v2\/pages\/1096"}],"collection":[{"href":"https:\/\/vandralasteaed.pparnumaa.ee\/index.php?rest_route=\/wp\/v2\/pages"}],"about":[{"href":"https:\/\/vandralasteaed.pparnumaa.ee\/index.php?rest_route=\/wp\/v2\/types\/page"}],"author":[{"embeddable":true,"href":"https:\/\/vandralasteaed.pparnumaa.ee\/index.php?rest_route=\/wp\/v2\/users\/1"}],"replies":[{"embeddable":true,"href":"https:\/\/vandralasteaed.pparnumaa.ee\/index.php?rest_route=%2Fwp%2Fv2%2Fcomments&post=1096"}],"version-history":[{"count":6,"href":"https:\/\/vandralasteaed.pparnumaa.ee\/index.php?rest_route=\/wp\/v2\/pages\/1096\/revisions"}],"predecessor-version":[{"id":17380,"href":"https:\/\/vandralasteaed.pparnumaa.ee\/index.php?rest_route=\/wp\/v2\/pages\/1096\/revisions\/17380"}],"up":[{"embeddable":true,"href":"https:\/\/vandralasteaed.pparnumaa.ee\/index.php?rest_route=\/wp\/v2\/pages\/558"}],"wp:attachment":[{"href":"https:\/\/vandralasteaed.pparnumaa.ee\/index.php?rest_route=%2Fwp%2Fv2%2Fmedia&parent=1096"}],"curies":[{"name":"wp","href":"https:\/\/api.w.org\/{rel}","templated":true}]}}