{"id":13187,"date":"2019-10-21T10:11:40","date_gmt":"2019-10-21T08:11:40","guid":{"rendered":"http:\/\/vandralasteaed.pparnumaa.ee\/?page_id=13187"},"modified":"2024-09-11T08:46:05","modified_gmt":"2024-09-11T06:46:05","slug":"eliis-2","status":"publish","type":"page","link":"https:\/\/vandralasteaed.pparnumaa.ee\/?page_id=13187","title":{"rendered":"ELIIS"},"content":{"rendered":"<div class=\"post-header\">\n<h1><span style=\"font-size: 16px;\">Lapsevanemad on oodatud liituma e-lasteaiaga aadressil&nbsp;<\/span><a style=\"font-size: 16px;\" href=\"https:\/\/eliis.ee\/\" target=\"_blank\" rel=\"noopener noreferrer\"><strong>https:\/\/eliis.eu&nbsp;<\/strong><\/a><\/h1>\n<\/div>\n<div class=\"post-entry\">\n<p>Selleks, et liituda e-lasteaia keskkonnaga, sisene Eliisi lehele ID-kaardiga ja t\u00e4ida vastavad lahtrid. Eliisi s\u00fcsteem tuvastab lasteaia poolt registreeritud lapse ja seob selle vanemaga. Edaspidi on v\u00f5imalik sisse logida ka paroolidega.<\/p>\n<p>Kontakt: Eliis Tarkvara O\u00dc &#8211;&nbsp; info@eliis.ee, telefon 6001830<\/p>\n<p>Selle veebikeskkonna kaudu saate lapsevanemana informatsiooni oma lapse ja r\u00fchma tegemistest, samuti teateid eelseisvate \u00fcrituste kohta.<\/p>\n<p>Eliisi keskkonnas on lapsevanemal v\u00f5imalik informeerida \u00f5petajaid lapse lasteaiast puudumisest.<\/p>\n<h5>&nbsp;<\/h5>\n<\/div>\n","protected":false},"excerpt":{"rendered":"<p>Lapsevanemad on oodatud liituma e-lasteaiaga aadressil&nbsp;https:\/\/eliis.eu&nbsp; Selleks, et liituda e-lasteaia keskkonnaga, sisene Eliisi lehele ID-kaardiga ja t\u00e4ida vastavad lahtrid. Eliisi s\u00fcsteem tuvastab lasteaia poolt registreeritud lapse ja seob selle vanemaga. Edaspidi on v\u00f5imalik sisse logida ka paroolidega. Kontakt: Eliis Tarkvara O\u00dc &#8211;&nbsp; info@eliis.ee, telefon 6001830 Selle veebikeskkonna kaudu saate lapsevanemana informatsiooni oma lapse ja r\u00fchma &hellip; <a href=\"https:\/\/vandralasteaed.pparnumaa.ee\/?page_id=13187\" class=\"more-link\">Loe edasi<span class=\"screen-reader-text\"> &#8220;ELIIS&#8221;<\/span><\/a><\/p>\n","protected":false},"author":1,"featured_media":0,"parent":0,"menu_order":0,"comment_status":"closed","ping_status":"closed","template":"","meta":{"ngg_post_thumbnail":0,"footnotes":""},"_links":{"self":[{"href":"https:\/\/vandralasteaed.pparnumaa.ee\/index.php?rest_route=\/wp\/v2\/pages\/13187"}],"collection":[{"href":"https:\/\/vandralasteaed.pparnumaa.ee\/index.php?rest_route=\/wp\/v2\/pages"}],"about":[{"href":"https:\/\/vandralasteaed.pparnumaa.ee\/index.php?rest_route=\/wp\/v2\/types\/page"}],"author":[{"embeddable":true,"href":"https:\/\/vandralasteaed.pparnumaa.ee\/index.php?rest_route=\/wp\/v2\/users\/1"}],"replies":[{"embeddable":true,"href":"https:\/\/vandralasteaed.pparnumaa.ee\/index.php?rest_route=%2Fwp%2Fv2%2Fcomments&post=13187"}],"version-history":[{"count":5,"href":"https:\/\/vandralasteaed.pparnumaa.ee\/index.php?rest_route=\/wp\/v2\/pages\/13187\/revisions"}],"predecessor-version":[{"id":16653,"href":"https:\/\/vandralasteaed.pparnumaa.ee\/index.php?rest_route=\/wp\/v2\/pages\/13187\/revisions\/16653"}],"wp:attachment":[{"href":"https:\/\/vandralasteaed.pparnumaa.ee\/index.php?rest_route=%2Fwp%2Fv2%2Fmedia&parent=13187"}],"curies":[{"name":"wp","href":"https:\/\/api.w.org\/{rel}","templated":true}]}}