{"id":549,"date":"2011-10-29T19:54:54","date_gmt":"2011-10-29T17:54:54","guid":{"rendered":"http:\/\/www.vandralasteaed.eu\/?page_id=549"},"modified":"2024-12-20T10:06:46","modified_gmt":"2024-12-20T08:06:46","slug":"avaleht","status":"publish","type":"page","link":"https:\/\/vandralasteaed.pparnumaa.ee\/","title":{"rendered":""},"content":{"rendered":"\n<h2 class=\"wp-block-heading\"><strong>V\u00e4ndra Lasteaed<\/strong><\/h2>\n\n\n\n<p class=\"has-text-align-left\">Majade \u00fcmbruse loodus loob soodsad v\u00f5imalused \u00f5ppek\u00e4ikudeks, matkadeks ja sportlikuks tegevuseks.<\/p>\n\n\n\n<p class=\"has-text-align-left\">Rukkilille maja l\u00e4heduses asub V\u00e4ndra j\u00f5gi, terviserada, staadion ning raamatukogu. <\/p>\n\n\n\n<p class=\"has-text-align-left\">M\u00fcrakaru maja l\u00e4heduses on L. Koidula nimeline park ja m\u00e4lestusm\u00e4rk, kirik ja jalgtee, mis annab v\u00f5imaluse turvaliselt alevist v\u00e4lja matkata. <\/p>\n\n\n\n<p class=\"has-text-align-left\">Vihtra maja asub looduskaunis kohas, P\u00e4rnu j\u00f5e kaldal, Vihtra K\u00fclakeskuse ruumides.&nbsp;<\/p>\n\n\n\n<p>Lasteaias on tasandusr\u00fchm oma logopeediga kelle abiga toimub erivajadustega laste toetamine.<\/p>\n\n\n\n<p>Oleme Saksamaa Braunschweigi V Ametikooli praktikalasteaed.<\/p>\n\n\n\n<figure class=\"wp-block-gallery has-nested-images columns-2 wp-block-gallery-1 is-layout-flex wp-block-gallery-is-layout-flex\">\n<figure class=\"wp-block-image size-full\"><img loading=\"lazy\" decoding=\"async\" width=\"2048\" height=\"683\" data-id=\"16494\" src=\"https:\/\/vandralasteaed.pparnumaa.ee\/wp-content\/uploads\/2024\/05\/MicrosoftTeams-image-2048x683-2.png\" alt=\"\" class=\"wp-image-16494\" srcset=\"https:\/\/vandralasteaed.pparnumaa.ee\/wp-content\/uploads\/2024\/05\/MicrosoftTeams-image-2048x683-2.png 2048w, https:\/\/vandralasteaed.pparnumaa.ee\/wp-content\/uploads\/2024\/05\/MicrosoftTeams-image-2048x683-2-300x100.png 300w, https:\/\/vandralasteaed.pparnumaa.ee\/wp-content\/uploads\/2024\/05\/MicrosoftTeams-image-2048x683-2-1024x342.png 1024w, https:\/\/vandralasteaed.pparnumaa.ee\/wp-content\/uploads\/2024\/05\/MicrosoftTeams-image-2048x683-2-768x256.png 768w, https:\/\/vandralasteaed.pparnumaa.ee\/wp-content\/uploads\/2024\/05\/MicrosoftTeams-image-2048x683-2-1536x512.png 1536w, https:\/\/vandralasteaed.pparnumaa.ee\/wp-content\/uploads\/2024\/05\/MicrosoftTeams-image-2048x683-2-1200x400.png 1200w\" sizes=\"(max-width: 709px) 85vw, (max-width: 909px) 67vw, (max-width: 1362px) 62vw, 840px\" \/><\/figure>\n\n\n\n<figure class=\"wp-block-image size-full\"><img loading=\"lazy\" decoding=\"async\" width=\"300\" height=\"159\" data-id=\"16455\" src=\"https:\/\/vandralasteaed.pparnumaa.ee\/wp-content\/uploads\/2024\/05\/It-soetamise-pilt-300x159-2.jpg\" alt=\"\" class=\"wp-image-16455\"\/><\/figure>\n\n\n\n<figure class=\"wp-block-image size-full\"><img loading=\"lazy\" decoding=\"async\" width=\"300\" height=\"163\" data-id=\"16454\" src=\"https:\/\/vandralasteaed.pparnumaa.ee\/wp-content\/uploads\/2024\/05\/kompostiljon-tunnustab-LASTEAED2-300x163-3.jpg\" alt=\"\" class=\"wp-image-16454\"\/><\/figure>\n\n\n\n<figure class=\"wp-block-image size-large\"><img loading=\"lazy\" decoding=\"async\" width=\"300\" height=\"200\" data-id=\"16456\" src=\"https:\/\/vandralasteaed.pparnumaa.ee\/wp-content\/uploads\/2024\/05\/TEL_logo_v_rv-300x200-2.jpg\" alt=\"\" class=\"wp-image-16456\"\/><\/figure>\n\n\n\n<figure class=\"wp-block-image size-medium\"><a href=\"https:\/\/vandralasteaed.pparnumaa.ee\/wp-content\/uploads\/2024\/11\/Kliimaministeeriumi_logo.png\"><img loading=\"lazy\" decoding=\"async\" width=\"300\" height=\"135\" data-id=\"16796\" src=\"https:\/\/vandralasteaed.pparnumaa.ee\/wp-content\/uploads\/2024\/11\/Kliimaministeeriumi_logo-300x135.png\" alt=\"\" class=\"wp-image-16796\" srcset=\"https:\/\/vandralasteaed.pparnumaa.ee\/wp-content\/uploads\/2024\/11\/Kliimaministeeriumi_logo-300x135.png 300w, https:\/\/vandralasteaed.pparnumaa.ee\/wp-content\/uploads\/2024\/11\/Kliimaministeeriumi_logo.png 693w\" sizes=\"(max-width: 300px) 85vw, 300px\" \/><\/a><\/figure>\n\n\n\n<figure class=\"wp-block-image size-medium\"><a href=\"https:\/\/vandralasteaed.pparnumaa.ee\/wp-content\/uploads\/2024\/11\/KIK_Toetab_varv.jpg\"><img loading=\"lazy\" decoding=\"async\" width=\"300\" height=\"169\" data-id=\"16795\" src=\"https:\/\/vandralasteaed.pparnumaa.ee\/wp-content\/uploads\/2024\/11\/KIK_Toetab_varv-300x169.jpg\" alt=\"\" class=\"wp-image-16795\" srcset=\"https:\/\/vandralasteaed.pparnumaa.ee\/wp-content\/uploads\/2024\/11\/KIK_Toetab_varv-300x169.jpg 300w, https:\/\/vandralasteaed.pparnumaa.ee\/wp-content\/uploads\/2024\/11\/KIK_Toetab_varv.jpg 378w\" sizes=\"(max-width: 300px) 85vw, 300px\" \/><\/a><\/figure>\n<\/figure>\n\n\n\n<p><span style=\"color: #000000;\">Lasteaed jagab Euroopa koolipiima programmi alusel Euroopa Liidu poolt subsideeritud piimatooteid ning osaleb Euroopa Liidu poolt rahaliselt toetatavas \u00dcleeuroopalises koolipuuvilja ja koolik\u00f6\u00f6givilja programmis.<\/span><\/p>\n\n\n\n<p>Haldusj\u00e4relevalvet teostavate asutuste kontaktandmed:<\/p>\n\n\n\n<p>Haridus- ja Teadusministeeriumi v\u00e4lishindamise osakond,<br>J\u00e4relevalve valdkonna n\u00f5unik Hille Voolaid\u00a0<br><a href=\"mailto:hille.voolaid@hm.ee\">hille.voolaid@hm.ee<\/a><br>tel 735 0109<\/p>\n","protected":false},"excerpt":{"rendered":"<p>V\u00e4ndra Lasteaed Majade \u00fcmbruse loodus loob soodsad v\u00f5imalused \u00f5ppek\u00e4ikudeks, matkadeks ja sportlikuks tegevuseks. Rukkilille maja l\u00e4heduses asub V\u00e4ndra j\u00f5gi, terviserada, staadion ning raamatukogu. M\u00fcrakaru maja l\u00e4heduses on L. Koidula nimeline park ja m\u00e4lestusm\u00e4rk, kirik ja jalgtee, mis annab v\u00f5imaluse turvaliselt alevist v\u00e4lja matkata. Vihtra maja asub looduskaunis kohas, P\u00e4rnu j\u00f5e kaldal, Vihtra K\u00fclakeskuse ruumides.&nbsp; Lasteaias &hellip; <a href=\"https:\/\/vandralasteaed.pparnumaa.ee\/\" class=\"more-link\">Loe edasi<span class=\"screen-reader-text\"> &#8220;&#8221;<\/span><\/a><\/p>\n","protected":false},"author":1,"featured_media":0,"parent":0,"menu_order":1,"comment_status":"closed","ping_status":"open","template":"","meta":{"ngg_post_thumbnail":0,"footnotes":""},"_links":{"self":[{"href":"https:\/\/vandralasteaed.pparnumaa.ee\/index.php?rest_route=\/wp\/v2\/pages\/549"}],"collection":[{"href":"https:\/\/vandralasteaed.pparnumaa.ee\/index.php?rest_route=\/wp\/v2\/pages"}],"about":[{"href":"https:\/\/vandralasteaed.pparnumaa.ee\/index.php?rest_route=\/wp\/v2\/types\/page"}],"author":[{"embeddable":true,"href":"https:\/\/vandralasteaed.pparnumaa.ee\/index.php?rest_route=\/wp\/v2\/users\/1"}],"replies":[{"embeddable":true,"href":"https:\/\/vandralasteaed.pparnumaa.ee\/index.php?rest_route=%2Fwp%2Fv2%2Fcomments&post=549"}],"version-history":[{"count":76,"href":"https:\/\/vandralasteaed.pparnumaa.ee\/index.php?rest_route=\/wp\/v2\/pages\/549\/revisions"}],"predecessor-version":[{"id":16944,"href":"https:\/\/vandralasteaed.pparnumaa.ee\/index.php?rest_route=\/wp\/v2\/pages\/549\/revisions\/16944"}],"wp:attachment":[{"href":"https:\/\/vandralasteaed.pparnumaa.ee\/index.php?rest_route=%2Fwp%2Fv2%2Fmedia&parent=549"}],"curies":[{"name":"wp","href":"https:\/\/api.w.org\/{rel}","templated":true}]}}