{"id":779,"date":"2012-02-06T17:23:06","date_gmt":"2012-02-06T15:23:06","guid":{"rendered":"http:\/\/www.vandralasteaed.eu\/?page_id=779"},"modified":"2026-04-16T13:00:04","modified_gmt":"2026-04-16T11:00:04","slug":"kohatasu","status":"publish","type":"page","link":"https:\/\/vandralasteaed.pparnumaa.ee\/?page_id=779","title":{"rendered":"Lasteaia osalustasu ja toidup\u00e4eva maksumus"},"content":{"rendered":"<p><span style=\"color: #000000;\">Toidup\u00e4eva maksumus 2,50 eurot, mis sisaldab kolme toidukorda.<\/span><\/p>\n<p><span style=\"color: #000000;\">Alus: V\u00e4ndra Lasteaia hoolekogu 31.08.2022 protokoll nr 6, p\u00e4evakorrapunkt nr 1.<\/span><\/p>\n<p>Lasteaia kohatasu on 557 eurot kuus.<\/p>\n<p>Kui lapse elukohana on rahvastikuregistris registreeritud P\u00f5hja-P\u00e4rnumaa vald, moodustab lapsevanema poolt kaetav osa \u00fches kuus \u00fche lapse kohta 6% Vabariigi Valitsuse kehtestatud t\u00f6\u00f6tasu alamm\u00e4\u00e4rast. Lapsevanema poolt kaetava osa arvuline suurus arvutatakse euro t\u00e4psusega, kohaldades \u00fcmardamise reeglit.<\/p>\n<p>Alates 01.04.2026 on lapsevanema poolt kaetava osa m\u00e4\u00e4r 57 eurot kuus, teise lapse eest 43 eurot kuus, kolmas ning k\u00f5ik j\u00e4rgnevad lapsed&nbsp; on vanema poolt kaetava osa maksmisest vabastatud, kui lapse elukohana on rahvastikuregistris registreeritud P\u00f5hja-P\u00e4rnumaa vald.<\/p>\n<p><a id=\"menur8c\" class=\"fui-Link ___1q1shib f2hkw1w f3rmtva f1ewtqcl fyind8e f1k6fduh f1w7gpdv fk6fouc fjoy568 figsok6 f1s184ao f1mk8lai fnbmjn9 f1o700av f13mvf36 f1cmlufx f9n3di6 f1ids18y f1tx3yz7 f1deo86v f1eh06m1 f1iescvh fhgqx19 f1olyrje f1p93eir f1nev41a f1h8hb77 f1lqvz6u f10aw75t fsle3fq f17ae5zn\" title=\"https:\/\/www.riigiteataja.ee\/akt\/428012023044\" href=\"https:\/\/www.riigiteataja.ee\/akt\/428012023044\" target=\"_blank\" rel=\"noreferrer noopener\" aria-label=\"Link https:\/\/www.riigiteataja.ee\/akt\/428012023044\">https:\/\/www.riigiteataja.ee\/akt\/428012023044<\/a><\/p>\n<p>&nbsp;<\/p>\n<p>&nbsp;<\/p>\n<p>&nbsp;<\/p>\n<p>&nbsp;<\/p>\n<p>&nbsp;<\/p>\n<p>&nbsp;<\/p>\n","protected":false},"excerpt":{"rendered":"<p>Toidup\u00e4eva maksumus 2,50 eurot, mis sisaldab kolme toidukorda. Alus: V\u00e4ndra Lasteaia hoolekogu 31.08.2022 protokoll nr 6, p\u00e4evakorrapunkt nr 1. Lasteaia kohatasu on 557 eurot kuus. Kui lapse elukohana on rahvastikuregistris registreeritud P\u00f5hja-P\u00e4rnumaa vald, moodustab lapsevanema poolt kaetav osa \u00fches kuus \u00fche lapse kohta 6% Vabariigi Valitsuse kehtestatud t\u00f6\u00f6tasu alamm\u00e4\u00e4rast. Lapsevanema poolt kaetava osa arvuline suurus &hellip; <a href=\"https:\/\/vandralasteaed.pparnumaa.ee\/?page_id=779\" class=\"more-link\">Loe edasi<span class=\"screen-reader-text\"> &#8220;Lasteaia osalustasu ja toidup\u00e4eva maksumus&#8221;<\/span><\/a><\/p>\n","protected":false},"author":1,"featured_media":0,"parent":558,"menu_order":0,"comment_status":"closed","ping_status":"open","template":"","meta":{"ngg_post_thumbnail":0,"footnotes":""},"_links":{"self":[{"href":"https:\/\/vandralasteaed.pparnumaa.ee\/index.php?rest_route=\/wp\/v2\/pages\/779"}],"collection":[{"href":"https:\/\/vandralasteaed.pparnumaa.ee\/index.php?rest_route=\/wp\/v2\/pages"}],"about":[{"href":"https:\/\/vandralasteaed.pparnumaa.ee\/index.php?rest_route=\/wp\/v2\/types\/page"}],"author":[{"embeddable":true,"href":"https:\/\/vandralasteaed.pparnumaa.ee\/index.php?rest_route=\/wp\/v2\/users\/1"}],"replies":[{"embeddable":true,"href":"https:\/\/vandralasteaed.pparnumaa.ee\/index.php?rest_route=%2Fwp%2Fv2%2Fcomments&post=779"}],"version-history":[{"count":35,"href":"https:\/\/vandralasteaed.pparnumaa.ee\/index.php?rest_route=\/wp\/v2\/pages\/779\/revisions"}],"predecessor-version":[{"id":17773,"href":"https:\/\/vandralasteaed.pparnumaa.ee\/index.php?rest_route=\/wp\/v2\/pages\/779\/revisions\/17773"}],"up":[{"embeddable":true,"href":"https:\/\/vandralasteaed.pparnumaa.ee\/index.php?rest_route=\/wp\/v2\/pages\/558"}],"wp:attachment":[{"href":"https:\/\/vandralasteaed.pparnumaa.ee\/index.php?rest_route=%2Fwp%2Fv2%2Fmedia&parent=779"}],"curies":[{"name":"wp","href":"https:\/\/api.w.org\/{rel}","templated":true}]}}